{"id":3,"date":"2021-07-23T07:49:48","date_gmt":"2021-07-23T07:49:48","guid":{"rendered":"https:\/\/elleviassicurazioni.it\/?page_id=3"},"modified":"2022-03-25T16:26:43","modified_gmt":"2022-03-25T16:26:43","slug":"privacy-policy","status":"publish","type":"page","link":"https:\/\/elleviassicurazioni.it\/index.php\/privacy-policy\/","title":{"rendered":"Privacy Policy"},"content":{"rendered":"\n<h2 class=\"wp-block-heading\">PRIVACY POLICY<\/h2>\n\n\n\n<p><strong>Titolare del trattamento<\/strong><\/p>\n\n\n\n<p>Il Titolare del trattamento \u00e8 Luca Carle, domiciliato per la carica presso UnipolSai di Carle Luca in Piazzetta Besio, 3, 12084 Mondov\u00ec CN.<\/p>\n\n\n\n<p><strong>Oggetto del trattamento<\/strong><\/p>\n\n\n\n<p>Il Titolare tratta tutti i dati personali da Lei forniti in occasione di qualsivoglia contatto con lo studio, anche prima di ricevere formale incarico.&nbsp;<\/p>\n\n\n\n<p>Ove il soggetto che conferisce i dati abbia et\u00e0 inferiore ai 16 anni, il trattamento \u00e8 lecito se e nella misura in cui il consenso \u00e8 prestato o autorizzato dal titolare della responsabilit\u00e0 genitoriale per il quale sono acquisiti i dati identificativi e copia di documento di riconoscimento.<\/p>\n\n\n\n<p><strong>Finalit\u00e0 del trattamento<\/strong><\/p>\n\n\n\n<p>Il trattamento dei dati personali da Lei forniti \u00e8 finalizzato alla corretta e completa esecuzione dell\u2019incarico ricevuto, all\u2019adempimento dei necessari obblighi fiscali derivanti dall\u2019incarico in essere nonch\u00e9 all\u2019adempimento degli obblighi previsti da legge, regolamento, normativa comunitaria o da ordine dell\u2019Autorit\u00e0.<\/p>\n\n\n\n<p>Per le suddette finalit\u00e0 i dati personali sono trattati senza il consenso espresso (art. 6 lettere b) e) GDPR).<\/p>\n\n\n\n<p><strong>Modalit\u00e0 di trattamento e conservazione<\/strong><\/p>\n\n\n\n<p>I dati personali sono sottoposti a trattamento sia cartaceo che elettronico e\/o automatizzato, nel rispetto di quanto previsto dall\u2019art. 32 del GDPR 2016\/679 e in materia di misure di sicurezza ed in ottemperanza a quanto previsto dall\u2019art. 29 GDPR 2016\/ 679.<\/p>\n\n\n\n<p>Il trattamento \u00e8 realizzato per mezzo delle operazioni dell\u2019art. 4 GDPR 2016\/679 e precisamente: raccolta, registrazione, organizzazione, conservazione, consultazione, elaborazione, modificazione, selezione, estrazione, raffronto, utilizzo, interconnessione, blocco, comunicazione, cancellazione e distruzione dei dati. &nbsp; &nbsp;<\/p>\n\n\n\n<p>Nel rispetto dei principi di liceit\u00e0, limitazione delle finalit\u00e0 e minimizzazione dei dati, ai sensi dell\u2019art. 5 GDPR 2016\/679, previo il Suo consenso libero ed esplicito espresso in calce alla presente informativa, i Suoi dati personali saranno conservati per il periodo di tempo necessario al conseguimento delle finalit\u00e0 del trattamento e comunque per non oltre 10 anni dalla cessazione del rapporto.<\/p>\n\n\n\n<p><strong>Conferimento dei dati<\/strong><\/p>\n\n\n\n<p>Il conferimento dei dati personali comuni, sensibili e giudiziari \u00e8 strettamente necessario ai fini dello svolgimento delle attivit\u00e0 indicate nella finalit\u00e0 di trattamento.<\/p>\n\n\n\n<p><strong>Rifiuto di conferimento dei dati<\/strong><\/p>\n\n\n\n<p>Il rifiuto di conferire i dati comporta l\u2019impossibilit\u00e0 di adempiere alle attivit\u00e0 indicate nella finalit\u00e0 di trattamento.&nbsp;<\/p>\n\n\n\n<p><strong>Accesso ai dati&nbsp;<\/strong><\/p>\n\n\n\n<p>I dati personali possono essere resi accessibili ai sensi delle finalit\u00e0 di trattamento a dipendenti e collaboratori esterni del Titolare nella loro qualit\u00e0 di incaricati e\/o responsabili interni del trattamento e\/o amministratori di sistema e, in generale, a tutti quei soggetti pubblici e privati cui la comunicazione sia necessaria e\/o obbligatoria per il corretto adempimento delle finalit\u00e0 medesime.<\/p>\n\n\n\n<p>(l\u2019elenco di detti soggetti \u00e8 visibile sul sito\u00a0<a href=\"http:\/\/www.amaticentroestetico.com\/\">www\/carlelucaassicurazioni.it<\/a>)<\/p>\n\n\n\n<p>Detti soggetti tratteranno i dati nella loro qualit\u00e0 di autonomi titolari del trattamento.<\/p>\n\n\n\n<p><strong>Diffusione dei dati&nbsp;<\/strong><\/p>\n\n\n\n<p>I dati personali non sono soggetti a diffusione.<\/p>\n\n\n\n<p><strong>Trasferimento dei dati personali<\/strong><\/p>\n\n\n\n<p>I suoi dati potrebbero essere trasferiti in Stati membri dell\u2019Unione Europea ed in Paesi terzi non appartenenti all\u2019Unione Europea.<\/p>\n\n\n\n<p><strong>Categorie particolari di dati personali<\/strong><\/p>\n\n\n\n<p>Ai sensi degli artt. 9 e 10 GDPR 2016\/679, Lei potrebbe conferire allo studio dati qualificabili come \u201ccategorie particolari di dati personali\u201d e cio\u00e8 quei dati che rivelano \u201c<em>l\u2019origine razziale o etnica, le opinioni politiche, le convinzioni religiose o filosofiche, o l\u2019appartenenza sindacale, nonch\u00e9 dati genetici, dati biometrici intesi a identificare in modo univoco una persona fisica, dati relativi alla salute o alla vita sessuale o all\u2019orientamento sessuale della persona<\/em>\u201d. Tali categorie di dati potranno essere trattate solo previo Suo libero ed esplicito consenso, manifestato in forma scritta in calce alla presente informativa oppure tramite consenso digitale sul sito\u00a0<a href=\"https:\/\/elleviassicurazioni.it\/\">https:\/\/elleviassicurazioni.it\/<\/a><\/p>\n\n\n\n<p><strong>Esistenza di un processo decisionale automatizzato&nbsp;<\/strong><\/p>\n\n\n\n<p>I UnipolSai di Carle Luca  non adotta alcun processo decisionale automatizzato, compresa la profilazione, di cui all\u2019art. 22, paragrafi 1 e 4, del GDPR 2016\/679.<\/p>\n\n\n\n<p><strong>Diritti dell\u2019interessato<\/strong><\/p>\n\n\n\n<p>In ogni momento, Lei potr\u00e0 esercitare, ai sensi degli artt. dal 15 al 22 del GDPR 2016\/679, i seguenti diritti:<\/p>\n\n\n\n<ol><li>a) chiedere la conferma dell\u2019esistenza o meno di propri dati personali;<\/li><li>b) ottenere le indicazioni circa le finalit\u00e0 del trattamento, le categorie dei dati personali, i destinatari o le categorie di destinatari a cui i dati personali sono stati o saranno comunicati e, quando possibile, il periodo di conservazione;<\/li><li>c) ottenere la rettifica e la cancellazione dei dati;<\/li><li>d) ottenere la limitazione del trattamento;<\/li><li>e) ottenere la portabilit\u00e0 dei dati, ossia riceverli dal titolare del trattamento, in formato strutturato, di uso comune e leggibile da dispositivo automatico, e trasmetterli ad altro titolare del trattamento senza impedimenti;<\/li><li>f)&nbsp; opporsi al trattamento in qualsiasi momento ed anche nel caso di trattamento per finalit\u00e0 di marketing diretto;<\/li><li>g) opporsi ad un processo decisionale automatizzato relativo alle persone \ufb01siche compresa la profilazione.<\/li><li>h) chiedere al titolare del trattamento l\u2019accesso ai dati personali e la rettifica o la cancellazione degli stessi o la limitazione del trattamento che lo riguardano o di opporsi al loro trattamento, oltre al diritto alla portabilit\u00e0 dei dati;<\/li><li>i) revocare il consenso in qualsiasi momento senza pregiudicare la liceit\u00e0 del trattamento basata sul consenso prestato prima della revoca;<\/li><li>l) &nbsp; proporre reclamo all\u2019Autorit\u00e0 Garante.&nbsp;<\/li><\/ol>\n\n\n\n<p><strong>Modalit\u00e0 di esercizio dei diritti<\/strong><\/p>\n\n\n\n<p>Potr\u00e0 esercitare i Suoi diritti in qualsiasi momento con richiesta scritta inviata a  Il Titolare del trattamento \u00e8 Luca Carle, domiciliato per la carica presso UnipolSai di Carle Luca in Piazzetta Besio, 3, 12084 Mondov\u00ec CN o all\u2019indirizzo mail.\u00a0<a href=\"mailto:prenotazione@amaticentroestetico.it\">58068@unipolsai.it<\/a><\/p>\n","protected":false},"excerpt":{"rendered":"<p>PRIVACY POLICY Titolare del trattamento Il Titolare del trattamento \u00e8 Luca Carle, domiciliato per la carica presso UnipolSai di Carle Luca in Piazzetta Besio, 3, 12084 Mondov\u00ec CN. Oggetto del trattamento Il Titolare tratta tutti i dati personali da Lei forniti in occasione di qualsivoglia contatto con lo studio, anche prima di ricevere formale incarico.&nbsp; [&hellip;]<\/p>\n","protected":false},"author":1,"featured_media":0,"parent":0,"menu_order":0,"comment_status":"closed","ping_status":"closed","template":"","meta":{"footnotes":""},"yoast_head":"<!-- This site is optimized with the Yoast SEO plugin v23.0 - https:\/\/yoast.com\/wordpress\/plugins\/seo\/ -->\n<title>Privacy Policy - ElleVi Assicurazioni<\/title>\n<meta name=\"robots\" content=\"index, follow, max-snippet:-1, max-image-preview:large, max-video-preview:-1\" \/>\n<link rel=\"canonical\" href=\"https:\/\/elleviassicurazioni.it\/index.php\/privacy-policy\/\" \/>\n<meta property=\"og:locale\" content=\"it_IT\" \/>\n<meta property=\"og:type\" content=\"article\" \/>\n<meta property=\"og:title\" content=\"Privacy Policy - ElleVi Assicurazioni\" \/>\n<meta property=\"og:description\" content=\"PRIVACY POLICY Titolare del trattamento Il Titolare del trattamento \u00e8 Luca Carle, domiciliato per la carica presso UnipolSai di Carle Luca in Piazzetta Besio, 3, 12084 Mondov\u00ec CN. Oggetto del trattamento Il Titolare tratta tutti i dati personali da Lei forniti in occasione di qualsivoglia contatto con lo studio, anche prima di ricevere formale incarico.&nbsp; [&hellip;]\" \/>\n<meta property=\"og:url\" content=\"https:\/\/elleviassicurazioni.it\/index.php\/privacy-policy\/\" \/>\n<meta property=\"og:site_name\" content=\"ElleVi Assicurazioni\" \/>\n<meta property=\"article:modified_time\" content=\"2022-03-25T16:26:43+00:00\" \/>\n<meta name=\"twitter:card\" content=\"summary_large_image\" \/>\n<meta name=\"twitter:label1\" content=\"Tempo di lettura stimato\" \/>\n\t<meta name=\"twitter:data1\" content=\"4 minuti\" \/>\n<script type=\"application\/ld+json\" class=\"yoast-schema-graph\">{\"@context\":\"https:\/\/schema.org\",\"@graph\":[{\"@type\":\"WebPage\",\"@id\":\"https:\/\/elleviassicurazioni.it\/index.php\/privacy-policy\/\",\"url\":\"https:\/\/elleviassicurazioni.it\/index.php\/privacy-policy\/\",\"name\":\"Privacy Policy - ElleVi Assicurazioni\",\"isPartOf\":{\"@id\":\"https:\/\/elleviassicurazioni.it\/#website\"},\"datePublished\":\"2021-07-23T07:49:48+00:00\",\"dateModified\":\"2022-03-25T16:26:43+00:00\",\"breadcrumb\":{\"@id\":\"https:\/\/elleviassicurazioni.it\/index.php\/privacy-policy\/#breadcrumb\"},\"inLanguage\":\"it-IT\",\"potentialAction\":[{\"@type\":\"ReadAction\",\"target\":[\"https:\/\/elleviassicurazioni.it\/index.php\/privacy-policy\/\"]}]},{\"@type\":\"BreadcrumbList\",\"@id\":\"https:\/\/elleviassicurazioni.it\/index.php\/privacy-policy\/#breadcrumb\",\"itemListElement\":[{\"@type\":\"ListItem\",\"position\":1,\"name\":\"Home\",\"item\":\"https:\/\/elleviassicurazioni.it\/\"},{\"@type\":\"ListItem\",\"position\":2,\"name\":\"Privacy Policy\"}]},{\"@type\":\"WebSite\",\"@id\":\"https:\/\/elleviassicurazioni.it\/#website\",\"url\":\"https:\/\/elleviassicurazioni.it\/\",\"name\":\"ElleVi Assicurazioni\",\"description\":\"\",\"publisher\":{\"@id\":\"https:\/\/elleviassicurazioni.it\/#organization\"},\"potentialAction\":[{\"@type\":\"SearchAction\",\"target\":{\"@type\":\"EntryPoint\",\"urlTemplate\":\"https:\/\/elleviassicurazioni.it\/?s={search_term_string}\"},\"query-input\":\"required name=search_term_string\"}],\"inLanguage\":\"it-IT\"},{\"@type\":\"Organization\",\"@id\":\"https:\/\/elleviassicurazioni.it\/#organization\",\"name\":\"ElleVi Assicurazioni\",\"url\":\"https:\/\/elleviassicurazioni.it\/\",\"logo\":{\"@type\":\"ImageObject\",\"inLanguage\":\"it-IT\",\"@id\":\"https:\/\/elleviassicurazioni.it\/#\/schema\/logo\/image\/\",\"url\":\"https:\/\/elleviassicurazioni.it\/wp-content\/uploads\/2022\/03\/cropped-logo-1-e1760607594301.jpeg\",\"contentUrl\":\"https:\/\/elleviassicurazioni.it\/wp-content\/uploads\/2022\/03\/cropped-logo-1-e1760607594301.jpeg\",\"width\":434,\"height\":301,\"caption\":\"ElleVi Assicurazioni\"},\"image\":{\"@id\":\"https:\/\/elleviassicurazioni.it\/#\/schema\/logo\/image\/\"}}]}<\/script>\n<!-- \/ Yoast SEO plugin. -->","yoast_head_json":{"title":"Privacy Policy - ElleVi Assicurazioni","robots":{"index":"index","follow":"follow","max-snippet":"max-snippet:-1","max-image-preview":"max-image-preview:large","max-video-preview":"max-video-preview:-1"},"canonical":"https:\/\/elleviassicurazioni.it\/index.php\/privacy-policy\/","og_locale":"it_IT","og_type":"article","og_title":"Privacy Policy - ElleVi Assicurazioni","og_description":"PRIVACY POLICY Titolare del trattamento Il Titolare del trattamento \u00e8 Luca Carle, domiciliato per la carica presso UnipolSai di Carle Luca in Piazzetta Besio, 3, 12084 Mondov\u00ec CN. Oggetto del trattamento Il Titolare tratta tutti i dati personali da Lei forniti in occasione di qualsivoglia contatto con lo studio, anche prima di ricevere formale incarico.&nbsp; [&hellip;]","og_url":"https:\/\/elleviassicurazioni.it\/index.php\/privacy-policy\/","og_site_name":"ElleVi Assicurazioni","article_modified_time":"2022-03-25T16:26:43+00:00","twitter_card":"summary_large_image","twitter_misc":{"Tempo di lettura stimato":"4 minuti"},"schema":{"@context":"https:\/\/schema.org","@graph":[{"@type":"WebPage","@id":"https:\/\/elleviassicurazioni.it\/index.php\/privacy-policy\/","url":"https:\/\/elleviassicurazioni.it\/index.php\/privacy-policy\/","name":"Privacy Policy - ElleVi Assicurazioni","isPartOf":{"@id":"https:\/\/elleviassicurazioni.it\/#website"},"datePublished":"2021-07-23T07:49:48+00:00","dateModified":"2022-03-25T16:26:43+00:00","breadcrumb":{"@id":"https:\/\/elleviassicurazioni.it\/index.php\/privacy-policy\/#breadcrumb"},"inLanguage":"it-IT","potentialAction":[{"@type":"ReadAction","target":["https:\/\/elleviassicurazioni.it\/index.php\/privacy-policy\/"]}]},{"@type":"BreadcrumbList","@id":"https:\/\/elleviassicurazioni.it\/index.php\/privacy-policy\/#breadcrumb","itemListElement":[{"@type":"ListItem","position":1,"name":"Home","item":"https:\/\/elleviassicurazioni.it\/"},{"@type":"ListItem","position":2,"name":"Privacy Policy"}]},{"@type":"WebSite","@id":"https:\/\/elleviassicurazioni.it\/#website","url":"https:\/\/elleviassicurazioni.it\/","name":"ElleVi Assicurazioni","description":"","publisher":{"@id":"https:\/\/elleviassicurazioni.it\/#organization"},"potentialAction":[{"@type":"SearchAction","target":{"@type":"EntryPoint","urlTemplate":"https:\/\/elleviassicurazioni.it\/?s={search_term_string}"},"query-input":"required name=search_term_string"}],"inLanguage":"it-IT"},{"@type":"Organization","@id":"https:\/\/elleviassicurazioni.it\/#organization","name":"ElleVi Assicurazioni","url":"https:\/\/elleviassicurazioni.it\/","logo":{"@type":"ImageObject","inLanguage":"it-IT","@id":"https:\/\/elleviassicurazioni.it\/#\/schema\/logo\/image\/","url":"https:\/\/elleviassicurazioni.it\/wp-content\/uploads\/2022\/03\/cropped-logo-1-e1760607594301.jpeg","contentUrl":"https:\/\/elleviassicurazioni.it\/wp-content\/uploads\/2022\/03\/cropped-logo-1-e1760607594301.jpeg","width":434,"height":301,"caption":"ElleVi Assicurazioni"},"image":{"@id":"https:\/\/elleviassicurazioni.it\/#\/schema\/logo\/image\/"}}]}},"_links":{"self":[{"href":"https:\/\/elleviassicurazioni.it\/index.php\/wp-json\/wp\/v2\/pages\/3"}],"collection":[{"href":"https:\/\/elleviassicurazioni.it\/index.php\/wp-json\/wp\/v2\/pages"}],"about":[{"href":"https:\/\/elleviassicurazioni.it\/index.php\/wp-json\/wp\/v2\/types\/page"}],"author":[{"embeddable":true,"href":"https:\/\/elleviassicurazioni.it\/index.php\/wp-json\/wp\/v2\/users\/1"}],"replies":[{"embeddable":true,"href":"https:\/\/elleviassicurazioni.it\/index.php\/wp-json\/wp\/v2\/comments?post=3"}],"version-history":[{"count":2,"href":"https:\/\/elleviassicurazioni.it\/index.php\/wp-json\/wp\/v2\/pages\/3\/revisions"}],"predecessor-version":[{"id":551,"href":"https:\/\/elleviassicurazioni.it\/index.php\/wp-json\/wp\/v2\/pages\/3\/revisions\/551"}],"wp:attachment":[{"href":"https:\/\/elleviassicurazioni.it\/index.php\/wp-json\/wp\/v2\/media?parent=3"}],"curies":[{"name":"wp","href":"https:\/\/api.w.org\/{rel}","templated":true}]}}