{"id":60,"date":"2022-03-10T11:09:53","date_gmt":"2022-03-10T11:09:53","guid":{"rendered":"https:\/\/elleviassicurazioni.it\/?page_id=60"},"modified":"2025-10-16T09:42:59","modified_gmt":"2025-10-16T09:42:59","slug":"i-nostri-prodotti","status":"publish","type":"page","link":"https:\/\/elleviassicurazioni.it\/index.php\/i-nostri-prodotti\/","title":{"rendered":"I nostri prodotti"},"content":{"rendered":"\t\t<div data-elementor-type=\"wp-page\" data-elementor-id=\"60\" class=\"elementor elementor-60\">\n\t\t\t\t\t\t<section class=\"elementor-section elementor-top-section elementor-element elementor-element-6ebecc75 elementor-section-content-middle elementor-section-boxed elementor-section-height-default elementor-section-height-default\" data-id=\"6ebecc75\" data-element_type=\"section\">\n\t\t\t\t\t\t<div class=\"elementor-container elementor-column-gap-no\">\n\t\t\t\t\t<div class=\"elementor-column elementor-col-100 elementor-top-column elementor-element elementor-element-65c703f3\" data-id=\"65c703f3\" data-element_type=\"column\">\n\t\t\t<div class=\"elementor-widget-wrap elementor-element-populated\">\n\t\t\t\t\t\t<div class=\"elementor-element elementor-element-5fb27a29 elementor-widget elementor-widget-heading\" data-id=\"5fb27a29\" data-element_type=\"widget\" data-widget_type=\"heading.default\">\n\t\t\t\t<div class=\"elementor-widget-container\">\n\t\t\t<style>\/*! elementor - v3.22.0 - 26-06-2024 *\/\n.elementor-heading-title{padding:0;margin:0;line-height:1}.elementor-widget-heading .elementor-heading-title[class*=elementor-size-]>a{color:inherit;font-size:inherit;line-height:inherit}.elementor-widget-heading .elementor-heading-title.elementor-size-small{font-size:15px}.elementor-widget-heading .elementor-heading-title.elementor-size-medium{font-size:19px}.elementor-widget-heading .elementor-heading-title.elementor-size-large{font-size:29px}.elementor-widget-heading .elementor-heading-title.elementor-size-xl{font-size:39px}.elementor-widget-heading .elementor-heading-title.elementor-size-xxl{font-size:59px}<\/style><h4 class=\"elementor-heading-title elementor-size-default\">I nostri prodotti<\/h4>\t\t<\/div>\n\t\t\t\t<\/div>\n\t\t\t\t<section class=\"elementor-section elementor-inner-section elementor-element elementor-element-3a4550a2 elementor-section-boxed elementor-section-height-default elementor-section-height-default\" data-id=\"3a4550a2\" data-element_type=\"section\">\n\t\t\t\t\t\t<div class=\"elementor-container elementor-column-gap-wider\">\n\t\t\t\t\t<div class=\"elementor-column elementor-col-33 elementor-inner-column elementor-element elementor-element-2d60ec8\" data-id=\"2d60ec8\" data-element_type=\"column\">\n\t\t\t<div class=\"elementor-widget-wrap elementor-element-populated\">\n\t\t\t\t\t\t<div class=\"elementor-element elementor-element-1e83018f elementor-widget elementor-widget-heading\" data-id=\"1e83018f\" data-element_type=\"widget\" data-widget_type=\"heading.default\">\n\t\t\t\t<div class=\"elementor-widget-container\">\n\t\t\t<h2 class=\"elementor-heading-title elementor-size-default\">Lavoro<\/h2>\t\t<\/div>\n\t\t\t\t<\/div>\n\t\t\t\t<div class=\"elementor-element elementor-element-97d242d elementor-widget elementor-widget-text-editor\" data-id=\"97d242d\" data-element_type=\"widget\" data-widget_type=\"text-editor.default\">\n\t\t\t\t<div class=\"elementor-widget-container\">\n\t\t\t<style>\/*! elementor - v3.22.0 - 26-06-2024 *\/\n.elementor-widget-text-editor.elementor-drop-cap-view-stacked .elementor-drop-cap{background-color:#69727d;color:#fff}.elementor-widget-text-editor.elementor-drop-cap-view-framed .elementor-drop-cap{color:#69727d;border:3px solid;background-color:transparent}.elementor-widget-text-editor:not(.elementor-drop-cap-view-default) .elementor-drop-cap{margin-top:8px}.elementor-widget-text-editor:not(.elementor-drop-cap-view-default) .elementor-drop-cap-letter{width:1em;height:1em}.elementor-widget-text-editor .elementor-drop-cap{float:left;text-align:center;line-height:1;font-size:50px}.elementor-widget-text-editor .elementor-drop-cap-letter{display:inline-block}<\/style>\t\t\t\t<p><strong>Soluzioni per il tuo lavoro e la tua impresa<\/strong><\/p>\t\t\t\t\t\t<\/div>\n\t\t\t\t<\/div>\n\t\t\t\t<div class=\"elementor-element elementor-element-11a2ee4 elementor-align-center elementor-widget elementor-widget-button\" data-id=\"11a2ee4\" data-element_type=\"widget\" data-widget_type=\"button.default\">\n\t\t\t\t<div class=\"elementor-widget-container\">\n\t\t\t\t\t<div class=\"elementor-button-wrapper\">\n\t\t\t<a class=\"elementor-button elementor-button-link elementor-size-lg\" href=\"\/index.php\/lavoro\/\">\n\t\t\t\t\t\t<span class=\"elementor-button-content-wrapper\">\n\t\t\t\t\t\t\t\t\t<span class=\"elementor-button-text\">Scopri di pi\u00f9<\/span>\n\t\t\t\t\t<\/span>\n\t\t\t\t\t<\/a>\n\t\t<\/div>\n\t\t\t\t<\/div>\n\t\t\t\t<\/div>\n\t\t\t\t\t<\/div>\n\t\t<\/div>\n\t\t\t\t<div class=\"elementor-column elementor-col-33 elementor-inner-column elementor-element elementor-element-2a2b9824\" data-id=\"2a2b9824\" data-element_type=\"column\">\n\t\t\t<div class=\"elementor-widget-wrap elementor-element-populated\">\n\t\t\t\t\t\t<div class=\"elementor-element elementor-element-66ac8195 elementor-widget elementor-widget-heading\" data-id=\"66ac8195\" data-element_type=\"widget\" data-widget_type=\"heading.default\">\n\t\t\t\t<div class=\"elementor-widget-container\">\n\t\t\t<h2 class=\"elementor-heading-title elementor-size-default\">Mobilit\u00e0<\/h2>\t\t<\/div>\n\t\t\t\t<\/div>\n\t\t\t\t<div class=\"elementor-element elementor-element-60ac281c elementor-widget elementor-widget-text-editor\" data-id=\"60ac281c\" data-element_type=\"widget\" data-widget_type=\"text-editor.default\">\n\t\t\t\t<div class=\"elementor-widget-container\">\n\t\t\t\t\t\t\t<p><strong>Soluzioni per la tua mobilit\u00e0<\/strong><\/p>\t\t\t\t\t\t<\/div>\n\t\t\t\t<\/div>\n\t\t\t\t<div class=\"elementor-element elementor-element-c3ec07c elementor-align-center elementor-widget elementor-widget-button\" data-id=\"c3ec07c\" data-element_type=\"widget\" data-widget_type=\"button.default\">\n\t\t\t\t<div class=\"elementor-widget-container\">\n\t\t\t\t\t<div class=\"elementor-button-wrapper\">\n\t\t\t<a class=\"elementor-button elementor-button-link elementor-size-lg\" href=\"\/index.php\/mobilita\/\">\n\t\t\t\t\t\t<span class=\"elementor-button-content-wrapper\">\n\t\t\t\t\t\t\t\t\t<span class=\"elementor-button-text\">Scopri di pi\u00f9<\/span>\n\t\t\t\t\t<\/span>\n\t\t\t\t\t<\/a>\n\t\t<\/div>\n\t\t\t\t<\/div>\n\t\t\t\t<\/div>\n\t\t\t\t\t<\/div>\n\t\t<\/div>\n\t\t\t\t<div class=\"elementor-column elementor-col-33 elementor-inner-column elementor-element elementor-element-20ed64fe\" data-id=\"20ed64fe\" data-element_type=\"column\">\n\t\t\t<div class=\"elementor-widget-wrap elementor-element-populated\">\n\t\t\t\t\t\t<div class=\"elementor-element elementor-element-1fd21fb0 elementor-widget elementor-widget-heading\" data-id=\"1fd21fb0\" data-element_type=\"widget\" data-widget_type=\"heading.default\">\n\t\t\t\t<div class=\"elementor-widget-container\">\n\t\t\t<h2 class=\"elementor-heading-title elementor-size-default\">Noleggio<\/h2>\t\t<\/div>\n\t\t\t\t<\/div>\n\t\t\t\t<div class=\"elementor-element elementor-element-714e7b0d elementor-widget elementor-widget-text-editor\" data-id=\"714e7b0d\" data-element_type=\"widget\" data-widget_type=\"text-editor.default\">\n\t\t\t\t<div class=\"elementor-widget-container\">\n\t\t\t\t\t\t\t<p><strong>Noleggio a lungo termine<\/strong><\/p>\t\t\t\t\t\t<\/div>\n\t\t\t\t<\/div>\n\t\t\t\t<div class=\"elementor-element elementor-element-7fd6dab elementor-align-center elementor-widget elementor-widget-button\" data-id=\"7fd6dab\" data-element_type=\"widget\" data-widget_type=\"button.default\">\n\t\t\t\t<div class=\"elementor-widget-container\">\n\t\t\t\t\t<div class=\"elementor-button-wrapper\">\n\t\t\t<a class=\"elementor-button elementor-button-link elementor-size-lg\" href=\"\/index.php\/noleggio\/\">\n\t\t\t\t\t\t<span class=\"elementor-button-content-wrapper\">\n\t\t\t\t\t\t\t\t\t<span class=\"elementor-button-text\">Scopri di pi\u00f9<\/span>\n\t\t\t\t\t<\/span>\n\t\t\t\t\t<\/a>\n\t\t<\/div>\n\t\t\t\t<\/div>\n\t\t\t\t<\/div>\n\t\t\t\t\t<\/div>\n\t\t<\/div>\n\t\t\t\t\t<\/div>\n\t\t<\/section>\n\t\t\t\t<section class=\"elementor-section elementor-inner-section elementor-element elementor-element-262d0115 elementor-section-boxed elementor-section-height-default elementor-section-height-default\" data-id=\"262d0115\" data-element_type=\"section\">\n\t\t\t\t\t\t<div class=\"elementor-container elementor-column-gap-wider\">\n\t\t\t\t\t<div class=\"elementor-column elementor-col-33 elementor-inner-column elementor-element elementor-element-eadda22\" data-id=\"eadda22\" data-element_type=\"column\">\n\t\t\t<div class=\"elementor-widget-wrap elementor-element-populated\">\n\t\t\t\t\t\t<div class=\"elementor-element elementor-element-dbb7dfe elementor-widget elementor-widget-heading\" data-id=\"dbb7dfe\" data-element_type=\"widget\" data-widget_type=\"heading.default\">\n\t\t\t\t<div class=\"elementor-widget-container\">\n\t\t\t<h2 class=\"elementor-heading-title elementor-size-default\">Telepedaggio<\/h2>\t\t<\/div>\n\t\t\t\t<\/div>\n\t\t\t\t<div class=\"elementor-element elementor-element-afd6b33 elementor-widget elementor-widget-text-editor\" data-id=\"afd6b33\" data-element_type=\"widget\" data-widget_type=\"text-editor.default\">\n\t\t\t\t<div class=\"elementor-widget-container\">\n\t\t\t\t\t\t\t<p><strong>La nuova proposta per il Telepedaggio<\/strong><\/p>\t\t\t\t\t\t<\/div>\n\t\t\t\t<\/div>\n\t\t\t\t<div class=\"elementor-element elementor-element-b17e74f elementor-align-center elementor-widget elementor-widget-button\" data-id=\"b17e74f\" data-element_type=\"widget\" data-widget_type=\"button.default\">\n\t\t\t\t<div class=\"elementor-widget-container\">\n\t\t\t\t\t<div class=\"elementor-button-wrapper\">\n\t\t\t<a class=\"elementor-button elementor-button-link elementor-size-lg\" href=\"\/index.php\/telepedaggio\/\">\n\t\t\t\t\t\t<span class=\"elementor-button-content-wrapper\">\n\t\t\t\t\t\t\t\t\t<span class=\"elementor-button-text\">Scopri di pi\u00f9<\/span>\n\t\t\t\t\t<\/span>\n\t\t\t\t\t<\/a>\n\t\t<\/div>\n\t\t\t\t<\/div>\n\t\t\t\t<\/div>\n\t\t\t\t\t<\/div>\n\t\t<\/div>\n\t\t\t\t<div class=\"elementor-column elementor-col-33 elementor-inner-column elementor-element elementor-element-161a3397\" data-id=\"161a3397\" data-element_type=\"column\">\n\t\t\t<div class=\"elementor-widget-wrap elementor-element-populated\">\n\t\t\t\t\t\t<div class=\"elementor-element elementor-element-b9c14e5 elementor-widget elementor-widget-heading\" data-id=\"b9c14e5\" data-element_type=\"widget\" data-widget_type=\"heading.default\">\n\t\t\t\t<div class=\"elementor-widget-container\">\n\t\t\t<h2 class=\"elementor-heading-title elementor-size-default\">Protezione<\/h2>\t\t<\/div>\n\t\t\t\t<\/div>\n\t\t\t\t<div class=\"elementor-element elementor-element-6c821891 elementor-widget elementor-widget-text-editor\" data-id=\"6c821891\" data-element_type=\"widget\" data-widget_type=\"text-editor.default\">\n\t\t\t\t<div class=\"elementor-widget-container\">\n\t\t\t\t\t\t\t<p><strong>Soluzioni per la tua protezione<\/strong><\/p>\t\t\t\t\t\t<\/div>\n\t\t\t\t<\/div>\n\t\t\t\t<div class=\"elementor-element elementor-element-689c9d1 elementor-align-center elementor-widget elementor-widget-button\" data-id=\"689c9d1\" data-element_type=\"widget\" data-widget_type=\"button.default\">\n\t\t\t\t<div class=\"elementor-widget-container\">\n\t\t\t\t\t<div class=\"elementor-button-wrapper\">\n\t\t\t<a class=\"elementor-button elementor-button-link elementor-size-lg\" href=\"\/index.php\/protezione\/\">\n\t\t\t\t\t\t<span class=\"elementor-button-content-wrapper\">\n\t\t\t\t\t\t\t\t\t<span class=\"elementor-button-text\">Scopri di pi\u00f9<\/span>\n\t\t\t\t\t<\/span>\n\t\t\t\t\t<\/a>\n\t\t<\/div>\n\t\t\t\t<\/div>\n\t\t\t\t<\/div>\n\t\t\t\t\t<\/div>\n\t\t<\/div>\n\t\t\t\t<div class=\"elementor-column elementor-col-33 elementor-inner-column elementor-element elementor-element-1a1d9f73\" data-id=\"1a1d9f73\" data-element_type=\"column\">\n\t\t\t<div class=\"elementor-widget-wrap elementor-element-populated\">\n\t\t\t\t\t\t<div class=\"elementor-element elementor-element-2c82f104 elementor-widget elementor-widget-heading\" data-id=\"2c82f104\" data-element_type=\"widget\" data-widget_type=\"heading.default\">\n\t\t\t\t<div class=\"elementor-widget-container\">\n\t\t\t<h2 class=\"elementor-heading-title elementor-size-default\">Risparmio<\/h2>\t\t<\/div>\n\t\t\t\t<\/div>\n\t\t\t\t<div class=\"elementor-element elementor-element-17324b1a elementor-widget elementor-widget-text-editor\" data-id=\"17324b1a\" data-element_type=\"widget\" data-widget_type=\"text-editor.default\">\n\t\t\t\t<div class=\"elementor-widget-container\">\n\t\t\t\t\t\t\t<p><strong>Soluzioni per il tuo risparmio<\/strong><\/p>\t\t\t\t\t\t<\/div>\n\t\t\t\t<\/div>\n\t\t\t\t<div class=\"elementor-element elementor-element-38f376b elementor-align-center elementor-widget elementor-widget-button\" data-id=\"38f376b\" data-element_type=\"widget\" data-widget_type=\"button.default\">\n\t\t\t\t<div class=\"elementor-widget-container\">\n\t\t\t\t\t<div class=\"elementor-button-wrapper\">\n\t\t\t<a class=\"elementor-button elementor-button-link elementor-size-lg\" href=\"\/index.php\/risparmio\/\">\n\t\t\t\t\t\t<span class=\"elementor-button-content-wrapper\">\n\t\t\t\t\t\t\t\t\t<span class=\"elementor-button-text\">Scopri di pi\u00f9<\/span>\n\t\t\t\t\t<\/span>\n\t\t\t\t\t<\/a>\n\t\t<\/div>\n\t\t\t\t<\/div>\n\t\t\t\t<\/div>\n\t\t\t\t\t<\/div>\n\t\t<\/div>\n\t\t\t\t\t<\/div>\n\t\t<\/section>\n\t\t\t\t<section class=\"elementor-section elementor-inner-section elementor-element elementor-element-aa0a964 elementor-section-boxed elementor-section-height-default elementor-section-height-default\" data-id=\"aa0a964\" data-element_type=\"section\">\n\t\t\t\t\t\t<div class=\"elementor-container elementor-column-gap-wider\">\n\t\t\t\t\t<div class=\"elementor-column elementor-col-50 elementor-inner-column elementor-element elementor-element-802218f\" data-id=\"802218f\" data-element_type=\"column\">\n\t\t\t<div class=\"elementor-widget-wrap\">\n\t\t\t\t\t\t\t<\/div>\n\t\t<\/div>\n\t\t\t\t<div class=\"elementor-column elementor-col-50 elementor-inner-column elementor-element elementor-element-b1199d8\" data-id=\"b1199d8\" data-element_type=\"column\">\n\t\t\t<div class=\"elementor-widget-wrap\">\n\t\t\t\t\t\t\t<\/div>\n\t\t<\/div>\n\t\t\t\t\t<\/div>\n\t\t<\/section>\n\t\t\t\t\t<\/div>\n\t\t<\/div>\n\t\t\t\t\t<\/div>\n\t\t<\/section>\n\t\t\t\t<\/div>\n\t\t","protected":false},"excerpt":{"rendered":"<p>I nostri prodotti Lavoro Soluzioni per il tuo lavoro e la tua impresa Scopri di pi\u00f9 Mobilit\u00e0 Soluzioni per la tua mobilit\u00e0 Scopri di pi\u00f9 Noleggio Noleggio a lungo termine Scopri di pi\u00f9 Telepedaggio La nuova proposta per il Telepedaggio Scopri di pi\u00f9 Protezione Soluzioni per la tua protezione Scopri di pi\u00f9 Risparmio Soluzioni per [&hellip;]<\/p>\n","protected":false},"author":1,"featured_media":0,"parent":0,"menu_order":0,"comment_status":"closed","ping_status":"closed","template":"elementor_header_footer","meta":{"footnotes":""},"yoast_head":"<!-- This site is optimized with the Yoast SEO plugin v23.0 - https:\/\/yoast.com\/wordpress\/plugins\/seo\/ -->\n<title>I nostri prodotti - ElleVi Assicurazioni<\/title>\n<meta name=\"robots\" content=\"index, follow, max-snippet:-1, max-image-preview:large, max-video-preview:-1\" \/>\n<link rel=\"canonical\" href=\"https:\/\/elleviassicurazioni.it\/index.php\/i-nostri-prodotti\/\" \/>\n<meta property=\"og:locale\" content=\"it_IT\" \/>\n<meta property=\"og:type\" content=\"article\" \/>\n<meta property=\"og:title\" content=\"I nostri prodotti - ElleVi Assicurazioni\" \/>\n<meta property=\"og:description\" content=\"I nostri prodotti Lavoro Soluzioni per il tuo lavoro e la tua impresa Scopri di pi\u00f9 Mobilit\u00e0 Soluzioni per la tua mobilit\u00e0 Scopri di pi\u00f9 Noleggio Noleggio a lungo termine Scopri di pi\u00f9 Telepedaggio La nuova proposta per il Telepedaggio Scopri di pi\u00f9 Protezione Soluzioni per la tua protezione Scopri di pi\u00f9 Risparmio Soluzioni per [&hellip;]\" \/>\n<meta property=\"og:url\" content=\"https:\/\/elleviassicurazioni.it\/index.php\/i-nostri-prodotti\/\" \/>\n<meta property=\"og:site_name\" content=\"ElleVi Assicurazioni\" \/>\n<meta property=\"article:modified_time\" content=\"2025-10-16T09:42:59+00:00\" \/>\n<meta name=\"twitter:card\" content=\"summary_large_image\" \/>\n<meta name=\"twitter:label1\" content=\"Tempo di lettura stimato\" \/>\n\t<meta name=\"twitter:data1\" content=\"1 minuto\" \/>\n<script type=\"application\/ld+json\" class=\"yoast-schema-graph\">{\"@context\":\"https:\/\/schema.org\",\"@graph\":[{\"@type\":\"WebPage\",\"@id\":\"https:\/\/elleviassicurazioni.it\/index.php\/i-nostri-prodotti\/\",\"url\":\"https:\/\/elleviassicurazioni.it\/index.php\/i-nostri-prodotti\/\",\"name\":\"I nostri prodotti - ElleVi Assicurazioni\",\"isPartOf\":{\"@id\":\"https:\/\/elleviassicurazioni.it\/#website\"},\"datePublished\":\"2022-03-10T11:09:53+00:00\",\"dateModified\":\"2025-10-16T09:42:59+00:00\",\"breadcrumb\":{\"@id\":\"https:\/\/elleviassicurazioni.it\/index.php\/i-nostri-prodotti\/#breadcrumb\"},\"inLanguage\":\"it-IT\",\"potentialAction\":[{\"@type\":\"ReadAction\",\"target\":[\"https:\/\/elleviassicurazioni.it\/index.php\/i-nostri-prodotti\/\"]}]},{\"@type\":\"BreadcrumbList\",\"@id\":\"https:\/\/elleviassicurazioni.it\/index.php\/i-nostri-prodotti\/#breadcrumb\",\"itemListElement\":[{\"@type\":\"ListItem\",\"position\":1,\"name\":\"Home\",\"item\":\"https:\/\/elleviassicurazioni.it\/\"},{\"@type\":\"ListItem\",\"position\":2,\"name\":\"I nostri prodotti\"}]},{\"@type\":\"WebSite\",\"@id\":\"https:\/\/elleviassicurazioni.it\/#website\",\"url\":\"https:\/\/elleviassicurazioni.it\/\",\"name\":\"ElleVi Assicurazioni\",\"description\":\"\",\"publisher\":{\"@id\":\"https:\/\/elleviassicurazioni.it\/#organization\"},\"potentialAction\":[{\"@type\":\"SearchAction\",\"target\":{\"@type\":\"EntryPoint\",\"urlTemplate\":\"https:\/\/elleviassicurazioni.it\/?s={search_term_string}\"},\"query-input\":\"required name=search_term_string\"}],\"inLanguage\":\"it-IT\"},{\"@type\":\"Organization\",\"@id\":\"https:\/\/elleviassicurazioni.it\/#organization\",\"name\":\"ElleVi Assicurazioni\",\"url\":\"https:\/\/elleviassicurazioni.it\/\",\"logo\":{\"@type\":\"ImageObject\",\"inLanguage\":\"it-IT\",\"@id\":\"https:\/\/elleviassicurazioni.it\/#\/schema\/logo\/image\/\",\"url\":\"https:\/\/elleviassicurazioni.it\/wp-content\/uploads\/2022\/03\/cropped-logo-1-e1760607594301.jpeg\",\"contentUrl\":\"https:\/\/elleviassicurazioni.it\/wp-content\/uploads\/2022\/03\/cropped-logo-1-e1760607594301.jpeg\",\"width\":434,\"height\":301,\"caption\":\"ElleVi Assicurazioni\"},\"image\":{\"@id\":\"https:\/\/elleviassicurazioni.it\/#\/schema\/logo\/image\/\"}}]}<\/script>\n<!-- \/ Yoast SEO plugin. -->","yoast_head_json":{"title":"I nostri prodotti - ElleVi Assicurazioni","robots":{"index":"index","follow":"follow","max-snippet":"max-snippet:-1","max-image-preview":"max-image-preview:large","max-video-preview":"max-video-preview:-1"},"canonical":"https:\/\/elleviassicurazioni.it\/index.php\/i-nostri-prodotti\/","og_locale":"it_IT","og_type":"article","og_title":"I nostri prodotti - ElleVi Assicurazioni","og_description":"I nostri prodotti Lavoro Soluzioni per il tuo lavoro e la tua impresa Scopri di pi\u00f9 Mobilit\u00e0 Soluzioni per la tua mobilit\u00e0 Scopri di pi\u00f9 Noleggio Noleggio a lungo termine Scopri di pi\u00f9 Telepedaggio La nuova proposta per il Telepedaggio Scopri di pi\u00f9 Protezione Soluzioni per la tua protezione Scopri di pi\u00f9 Risparmio Soluzioni per [&hellip;]","og_url":"https:\/\/elleviassicurazioni.it\/index.php\/i-nostri-prodotti\/","og_site_name":"ElleVi Assicurazioni","article_modified_time":"2025-10-16T09:42:59+00:00","twitter_card":"summary_large_image","twitter_misc":{"Tempo di lettura stimato":"1 minuto"},"schema":{"@context":"https:\/\/schema.org","@graph":[{"@type":"WebPage","@id":"https:\/\/elleviassicurazioni.it\/index.php\/i-nostri-prodotti\/","url":"https:\/\/elleviassicurazioni.it\/index.php\/i-nostri-prodotti\/","name":"I nostri prodotti - ElleVi Assicurazioni","isPartOf":{"@id":"https:\/\/elleviassicurazioni.it\/#website"},"datePublished":"2022-03-10T11:09:53+00:00","dateModified":"2025-10-16T09:42:59+00:00","breadcrumb":{"@id":"https:\/\/elleviassicurazioni.it\/index.php\/i-nostri-prodotti\/#breadcrumb"},"inLanguage":"it-IT","potentialAction":[{"@type":"ReadAction","target":["https:\/\/elleviassicurazioni.it\/index.php\/i-nostri-prodotti\/"]}]},{"@type":"BreadcrumbList","@id":"https:\/\/elleviassicurazioni.it\/index.php\/i-nostri-prodotti\/#breadcrumb","itemListElement":[{"@type":"ListItem","position":1,"name":"Home","item":"https:\/\/elleviassicurazioni.it\/"},{"@type":"ListItem","position":2,"name":"I nostri prodotti"}]},{"@type":"WebSite","@id":"https:\/\/elleviassicurazioni.it\/#website","url":"https:\/\/elleviassicurazioni.it\/","name":"ElleVi Assicurazioni","description":"","publisher":{"@id":"https:\/\/elleviassicurazioni.it\/#organization"},"potentialAction":[{"@type":"SearchAction","target":{"@type":"EntryPoint","urlTemplate":"https:\/\/elleviassicurazioni.it\/?s={search_term_string}"},"query-input":"required name=search_term_string"}],"inLanguage":"it-IT"},{"@type":"Organization","@id":"https:\/\/elleviassicurazioni.it\/#organization","name":"ElleVi Assicurazioni","url":"https:\/\/elleviassicurazioni.it\/","logo":{"@type":"ImageObject","inLanguage":"it-IT","@id":"https:\/\/elleviassicurazioni.it\/#\/schema\/logo\/image\/","url":"https:\/\/elleviassicurazioni.it\/wp-content\/uploads\/2022\/03\/cropped-logo-1-e1760607594301.jpeg","contentUrl":"https:\/\/elleviassicurazioni.it\/wp-content\/uploads\/2022\/03\/cropped-logo-1-e1760607594301.jpeg","width":434,"height":301,"caption":"ElleVi Assicurazioni"},"image":{"@id":"https:\/\/elleviassicurazioni.it\/#\/schema\/logo\/image\/"}}]}},"_links":{"self":[{"href":"https:\/\/elleviassicurazioni.it\/index.php\/wp-json\/wp\/v2\/pages\/60"}],"collection":[{"href":"https:\/\/elleviassicurazioni.it\/index.php\/wp-json\/wp\/v2\/pages"}],"about":[{"href":"https:\/\/elleviassicurazioni.it\/index.php\/wp-json\/wp\/v2\/types\/page"}],"author":[{"embeddable":true,"href":"https:\/\/elleviassicurazioni.it\/index.php\/wp-json\/wp\/v2\/users\/1"}],"replies":[{"embeddable":true,"href":"https:\/\/elleviassicurazioni.it\/index.php\/wp-json\/wp\/v2\/comments?post=60"}],"version-history":[{"count":43,"href":"https:\/\/elleviassicurazioni.it\/index.php\/wp-json\/wp\/v2\/pages\/60\/revisions"}],"predecessor-version":[{"id":588,"href":"https:\/\/elleviassicurazioni.it\/index.php\/wp-json\/wp\/v2\/pages\/60\/revisions\/588"}],"wp:attachment":[{"href":"https:\/\/elleviassicurazioni.it\/index.php\/wp-json\/wp\/v2\/media?parent=60"}],"curies":[{"name":"wp","href":"https:\/\/api.w.org\/{rel}","templated":true}]}}