{"id":62,"date":"2022-03-10T11:10:14","date_gmt":"2022-03-10T11:10:14","guid":{"rendered":"https:\/\/elleviassicurazioni.it\/?page_id=62"},"modified":"2025-10-16T09:19:07","modified_gmt":"2025-10-16T09:19:07","slug":"ci-trovi-a","status":"publish","type":"page","link":"https:\/\/elleviassicurazioni.it\/index.php\/ci-trovi-a\/","title":{"rendered":"Ci trovi a"},"content":{"rendered":"\t\t<div data-elementor-type=\"wp-page\" data-elementor-id=\"62\" class=\"elementor elementor-62\">\n\t\t\t\t\t\t<section class=\"elementor-section elementor-top-section elementor-element elementor-element-cd5803b elementor-section-height-min-height elementor-section-boxed elementor-section-height-default elementor-section-items-middle\" data-id=\"cd5803b\" data-element_type=\"section\" data-settings=\"{&quot;background_background&quot;:&quot;classic&quot;}\">\n\t\t\t\t\t\t\t<div class=\"elementor-background-overlay\"><\/div>\n\t\t\t\t\t\t\t<div class=\"elementor-container elementor-column-gap-default\">\n\t\t\t\t\t<div class=\"elementor-column elementor-col-100 elementor-top-column elementor-element elementor-element-f9f0c3a\" data-id=\"f9f0c3a\" data-element_type=\"column\" data-settings=\"{&quot;background_background&quot;:&quot;classic&quot;}\">\n\t\t\t<div class=\"elementor-widget-wrap elementor-element-populated\">\n\t\t\t\t\t\t<div class=\"elementor-element elementor-element-d1957a6 elementor-widget elementor-widget-heading\" data-id=\"d1957a6\" data-element_type=\"widget\" data-widget_type=\"heading.default\">\n\t\t\t\t<div class=\"elementor-widget-container\">\n\t\t\t<style>\/*! elementor - v3.22.0 - 26-06-2024 *\/\n.elementor-heading-title{padding:0;margin:0;line-height:1}.elementor-widget-heading .elementor-heading-title[class*=elementor-size-]>a{color:inherit;font-size:inherit;line-height:inherit}.elementor-widget-heading .elementor-heading-title.elementor-size-small{font-size:15px}.elementor-widget-heading .elementor-heading-title.elementor-size-medium{font-size:19px}.elementor-widget-heading .elementor-heading-title.elementor-size-large{font-size:29px}.elementor-widget-heading .elementor-heading-title.elementor-size-xl{font-size:39px}.elementor-widget-heading .elementor-heading-title.elementor-size-xxl{font-size:59px}<\/style><h2 class=\"elementor-heading-title elementor-size-default\">Trova la Sede vicino a te:<\/h2>\t\t<\/div>\n\t\t\t\t<\/div>\n\t\t\t\t<section class=\"elementor-section elementor-inner-section elementor-element elementor-element-de44a87 elementor-section-height-min-height elementor-section-boxed elementor-section-height-default\" data-id=\"de44a87\" data-element_type=\"section\" data-settings=\"{&quot;background_background&quot;:&quot;classic&quot;}\">\n\t\t\t\t\t\t<div class=\"elementor-container elementor-column-gap-default\">\n\t\t\t\t\t<div class=\"elementor-column elementor-col-50 elementor-inner-column elementor-element elementor-element-e30a9ab\" data-id=\"e30a9ab\" data-element_type=\"column\">\n\t\t\t<div class=\"elementor-widget-wrap elementor-element-populated\">\n\t\t\t\t\t\t<div class=\"elementor-element elementor-element-de4e9e8 elementor-widget elementor-widget-heading\" data-id=\"de4e9e8\" data-element_type=\"widget\" data-widget_type=\"heading.default\">\n\t\t\t\t<div class=\"elementor-widget-container\">\n\t\t\t<h2 class=\"elementor-heading-title elementor-size-default\">Sede di Mondov\u00ec<\/h2>\t\t<\/div>\n\t\t\t\t<\/div>\n\t\t\t\t<div class=\"elementor-element elementor-element-654aeaa elementor-align-center elementor-widget elementor-widget-button\" data-id=\"654aeaa\" data-element_type=\"widget\" data-widget_type=\"button.default\">\n\t\t\t\t<div class=\"elementor-widget-container\">\n\t\t\t\t\t<div class=\"elementor-button-wrapper\">\n\t\t\t<a class=\"elementor-button elementor-button-link elementor-size-lg\" href=\"\/index.php\/sede-di-mondovi\/\">\n\t\t\t\t\t\t<span class=\"elementor-button-content-wrapper\">\n\t\t\t\t\t\t\t\t\t<span class=\"elementor-button-text\">Scopri di pi\u00f9<\/span>\n\t\t\t\t\t<\/span>\n\t\t\t\t\t<\/a>\n\t\t<\/div>\n\t\t\t\t<\/div>\n\t\t\t\t<\/div>\n\t\t\t\t\t<\/div>\n\t\t<\/div>\n\t\t\t\t<div class=\"elementor-column elementor-col-50 elementor-inner-column elementor-element elementor-element-d2268d7\" data-id=\"d2268d7\" data-element_type=\"column\">\n\t\t\t<div class=\"elementor-widget-wrap\">\n\t\t\t\t\t\t\t<\/div>\n\t\t<\/div>\n\t\t\t\t\t<\/div>\n\t\t<\/section>\n\t\t\t\t<section class=\"elementor-section elementor-inner-section elementor-element elementor-element-27e01de elementor-section-height-min-height elementor-section-boxed elementor-section-height-default\" data-id=\"27e01de\" data-element_type=\"section\" data-settings=\"{&quot;background_background&quot;:&quot;classic&quot;}\">\n\t\t\t\t\t\t<div class=\"elementor-container elementor-column-gap-default\">\n\t\t\t\t\t<div class=\"elementor-column elementor-col-50 elementor-inner-column elementor-element elementor-element-982491e\" data-id=\"982491e\" data-element_type=\"column\">\n\t\t\t<div class=\"elementor-widget-wrap elementor-element-populated\">\n\t\t\t\t\t\t<div class=\"elementor-element elementor-element-ae9f1c2 elementor-widget elementor-widget-heading\" data-id=\"ae9f1c2\" data-element_type=\"widget\" data-widget_type=\"heading.default\">\n\t\t\t\t<div class=\"elementor-widget-container\">\n\t\t\t<h2 class=\"elementor-heading-title elementor-size-default\">Sede di Carr\u00f9<\/h2>\t\t<\/div>\n\t\t\t\t<\/div>\n\t\t\t\t<div class=\"elementor-element elementor-element-e625e5a elementor-align-center elementor-widget elementor-widget-button\" data-id=\"e625e5a\" data-element_type=\"widget\" data-widget_type=\"button.default\">\n\t\t\t\t<div class=\"elementor-widget-container\">\n\t\t\t\t\t<div class=\"elementor-button-wrapper\">\n\t\t\t<a class=\"elementor-button elementor-button-link elementor-size-lg\" href=\"\/index.php\/sede-di-carru\/\">\n\t\t\t\t\t\t<span class=\"elementor-button-content-wrapper\">\n\t\t\t\t\t\t\t\t\t<span class=\"elementor-button-text\">Scopri di pi\u00f9<\/span>\n\t\t\t\t\t<\/span>\n\t\t\t\t\t<\/a>\n\t\t<\/div>\n\t\t\t\t<\/div>\n\t\t\t\t<\/div>\n\t\t\t\t\t<\/div>\n\t\t<\/div>\n\t\t\t\t<div class=\"elementor-column elementor-col-50 elementor-inner-column elementor-element elementor-element-72f1e47\" data-id=\"72f1e47\" data-element_type=\"column\">\n\t\t\t<div class=\"elementor-widget-wrap elementor-element-populated\">\n\t\t\t\t\t\t<div class=\"elementor-element elementor-element-24d3d56 elementor-widget elementor-widget-heading\" data-id=\"24d3d56\" data-element_type=\"widget\" data-widget_type=\"heading.default\">\n\t\t\t\t<div class=\"elementor-widget-container\">\n\t\t\t<h2 class=\"elementor-heading-title elementor-size-default\">Sede di Dogliani<\/h2>\t\t<\/div>\n\t\t\t\t<\/div>\n\t\t\t\t<div class=\"elementor-element elementor-element-3a0644d elementor-align-center elementor-widget elementor-widget-button\" data-id=\"3a0644d\" data-element_type=\"widget\" data-widget_type=\"button.default\">\n\t\t\t\t<div class=\"elementor-widget-container\">\n\t\t\t\t\t<div class=\"elementor-button-wrapper\">\n\t\t\t<a class=\"elementor-button elementor-button-link elementor-size-lg\" href=\"\/index.php\/sede-dogliani\/\">\n\t\t\t\t\t\t<span class=\"elementor-button-content-wrapper\">\n\t\t\t\t\t\t\t\t\t<span class=\"elementor-button-text\">Scopri di pi\u00f9<\/span>\n\t\t\t\t\t<\/span>\n\t\t\t\t\t<\/a>\n\t\t<\/div>\n\t\t\t\t<\/div>\n\t\t\t\t<\/div>\n\t\t\t\t\t<\/div>\n\t\t<\/div>\n\t\t\t\t\t<\/div>\n\t\t<\/section>\n\t\t\t\t<section class=\"elementor-section elementor-inner-section elementor-element elementor-element-3e11c68 elementor-section-height-min-height elementor-section-boxed elementor-section-height-default\" data-id=\"3e11c68\" data-element_type=\"section\">\n\t\t\t\t\t\t<div class=\"elementor-container elementor-column-gap-default\">\n\t\t\t\t\t<div class=\"elementor-column elementor-col-50 elementor-inner-column elementor-element elementor-element-d839388\" data-id=\"d839388\" data-element_type=\"column\">\n\t\t\t<div class=\"elementor-widget-wrap elementor-element-populated\">\n\t\t\t\t\t\t<div class=\"elementor-element elementor-element-c6ddfe4 elementor-widget elementor-widget-heading\" data-id=\"c6ddfe4\" data-element_type=\"widget\" data-widget_type=\"heading.default\">\n\t\t\t\t<div class=\"elementor-widget-container\">\n\t\t\t<h2 class=\"elementor-heading-title elementor-size-default\">Sede di Ceva<\/h2>\t\t<\/div>\n\t\t\t\t<\/div>\n\t\t\t\t<div class=\"elementor-element elementor-element-1b954a0 elementor-align-center elementor-widget elementor-widget-button\" data-id=\"1b954a0\" data-element_type=\"widget\" data-widget_type=\"button.default\">\n\t\t\t\t<div class=\"elementor-widget-container\">\n\t\t\t\t\t<div class=\"elementor-button-wrapper\">\n\t\t\t<a class=\"elementor-button elementor-button-link elementor-size-lg\" href=\"\/index.php\/sede-di-ceva\/\">\n\t\t\t\t\t\t<span class=\"elementor-button-content-wrapper\">\n\t\t\t\t\t\t\t\t\t<span class=\"elementor-button-text\">Scopri di pi\u00f9<\/span>\n\t\t\t\t\t<\/span>\n\t\t\t\t\t<\/a>\n\t\t<\/div>\n\t\t\t\t<\/div>\n\t\t\t\t<\/div>\n\t\t\t\t\t<\/div>\n\t\t<\/div>\n\t\t\t\t<div class=\"elementor-column elementor-col-50 elementor-inner-column elementor-element elementor-element-4e5b792\" data-id=\"4e5b792\" data-element_type=\"column\">\n\t\t\t<div class=\"elementor-widget-wrap elementor-element-populated\">\n\t\t\t\t\t\t<div class=\"elementor-element elementor-element-0749a0a elementor-widget elementor-widget-heading\" data-id=\"0749a0a\" data-element_type=\"widget\" data-widget_type=\"heading.default\">\n\t\t\t\t<div class=\"elementor-widget-container\">\n\t\t\t<h2 class=\"elementor-heading-title elementor-size-default\">Sede di Garessio<\/h2>\t\t<\/div>\n\t\t\t\t<\/div>\n\t\t\t\t<div class=\"elementor-element elementor-element-ef60914 elementor-align-center elementor-widget elementor-widget-button\" data-id=\"ef60914\" data-element_type=\"widget\" data-widget_type=\"button.default\">\n\t\t\t\t<div class=\"elementor-widget-container\">\n\t\t\t\t\t<div class=\"elementor-button-wrapper\">\n\t\t\t<a class=\"elementor-button elementor-button-link elementor-size-lg\" href=\"\/index.php\/sede-di-garessio\/\">\n\t\t\t\t\t\t<span class=\"elementor-button-content-wrapper\">\n\t\t\t\t\t\t\t\t\t<span class=\"elementor-button-text\">Scopri di pi\u00f9<\/span>\n\t\t\t\t\t<\/span>\n\t\t\t\t\t<\/a>\n\t\t<\/div>\n\t\t\t\t<\/div>\n\t\t\t\t<\/div>\n\t\t\t\t\t<\/div>\n\t\t<\/div>\n\t\t\t\t\t<\/div>\n\t\t<\/section>\n\t\t\t\t\t<\/div>\n\t\t<\/div>\n\t\t\t\t\t<\/div>\n\t\t<\/section>\n\t\t\t\t<\/div>\n\t\t","protected":false},"excerpt":{"rendered":"<p>Trova la Sede vicino a te: Sede di Mondov\u00ec Scopri di pi\u00f9 Sede di Carr\u00f9 Scopri di pi\u00f9 Sede di Dogliani Scopri di pi\u00f9 Sede di Ceva Scopri di pi\u00f9 Sede di Garessio Scopri di pi\u00f9<\/p>\n","protected":false},"author":1,"featured_media":0,"parent":0,"menu_order":0,"comment_status":"closed","ping_status":"closed","template":"elementor_header_footer","meta":{"footnotes":""},"yoast_head":"<!-- This site is optimized with the Yoast SEO plugin v23.0 - https:\/\/yoast.com\/wordpress\/plugins\/seo\/ -->\n<title>Ci trovi a - ElleVi Assicurazioni<\/title>\n<meta name=\"robots\" content=\"index, follow, max-snippet:-1, max-image-preview:large, max-video-preview:-1\" \/>\n<link rel=\"canonical\" href=\"https:\/\/elleviassicurazioni.it\/index.php\/ci-trovi-a\/\" \/>\n<meta property=\"og:locale\" content=\"it_IT\" \/>\n<meta property=\"og:type\" content=\"article\" \/>\n<meta property=\"og:title\" content=\"Ci trovi a - ElleVi Assicurazioni\" \/>\n<meta property=\"og:description\" content=\"Trova la Sede vicino a te: Sede di Mondov\u00ec Scopri di pi\u00f9 Sede di Carr\u00f9 Scopri di pi\u00f9 Sede di Dogliani Scopri di pi\u00f9 Sede di Ceva Scopri di pi\u00f9 Sede di Garessio Scopri di pi\u00f9\" \/>\n<meta property=\"og:url\" content=\"https:\/\/elleviassicurazioni.it\/index.php\/ci-trovi-a\/\" \/>\n<meta property=\"og:site_name\" content=\"ElleVi Assicurazioni\" \/>\n<meta property=\"article:modified_time\" content=\"2025-10-16T09:19:07+00:00\" \/>\n<meta name=\"twitter:card\" content=\"summary_large_image\" \/>\n<meta name=\"twitter:label1\" content=\"Tempo di lettura stimato\" \/>\n\t<meta name=\"twitter:data1\" content=\"1 minuto\" \/>\n<script type=\"application\/ld+json\" class=\"yoast-schema-graph\">{\"@context\":\"https:\/\/schema.org\",\"@graph\":[{\"@type\":\"WebPage\",\"@id\":\"https:\/\/elleviassicurazioni.it\/index.php\/ci-trovi-a\/\",\"url\":\"https:\/\/elleviassicurazioni.it\/index.php\/ci-trovi-a\/\",\"name\":\"Ci trovi a - ElleVi Assicurazioni\",\"isPartOf\":{\"@id\":\"https:\/\/elleviassicurazioni.it\/#website\"},\"datePublished\":\"2022-03-10T11:10:14+00:00\",\"dateModified\":\"2025-10-16T09:19:07+00:00\",\"breadcrumb\":{\"@id\":\"https:\/\/elleviassicurazioni.it\/index.php\/ci-trovi-a\/#breadcrumb\"},\"inLanguage\":\"it-IT\",\"potentialAction\":[{\"@type\":\"ReadAction\",\"target\":[\"https:\/\/elleviassicurazioni.it\/index.php\/ci-trovi-a\/\"]}]},{\"@type\":\"BreadcrumbList\",\"@id\":\"https:\/\/elleviassicurazioni.it\/index.php\/ci-trovi-a\/#breadcrumb\",\"itemListElement\":[{\"@type\":\"ListItem\",\"position\":1,\"name\":\"Home\",\"item\":\"https:\/\/elleviassicurazioni.it\/\"},{\"@type\":\"ListItem\",\"position\":2,\"name\":\"Ci trovi a\"}]},{\"@type\":\"WebSite\",\"@id\":\"https:\/\/elleviassicurazioni.it\/#website\",\"url\":\"https:\/\/elleviassicurazioni.it\/\",\"name\":\"ElleVi Assicurazioni\",\"description\":\"\",\"publisher\":{\"@id\":\"https:\/\/elleviassicurazioni.it\/#organization\"},\"potentialAction\":[{\"@type\":\"SearchAction\",\"target\":{\"@type\":\"EntryPoint\",\"urlTemplate\":\"https:\/\/elleviassicurazioni.it\/?s={search_term_string}\"},\"query-input\":\"required name=search_term_string\"}],\"inLanguage\":\"it-IT\"},{\"@type\":\"Organization\",\"@id\":\"https:\/\/elleviassicurazioni.it\/#organization\",\"name\":\"ElleVi Assicurazioni\",\"url\":\"https:\/\/elleviassicurazioni.it\/\",\"logo\":{\"@type\":\"ImageObject\",\"inLanguage\":\"it-IT\",\"@id\":\"https:\/\/elleviassicurazioni.it\/#\/schema\/logo\/image\/\",\"url\":\"https:\/\/elleviassicurazioni.it\/wp-content\/uploads\/2022\/03\/cropped-logo-1-e1760607594301.jpeg\",\"contentUrl\":\"https:\/\/elleviassicurazioni.it\/wp-content\/uploads\/2022\/03\/cropped-logo-1-e1760607594301.jpeg\",\"width\":434,\"height\":301,\"caption\":\"ElleVi Assicurazioni\"},\"image\":{\"@id\":\"https:\/\/elleviassicurazioni.it\/#\/schema\/logo\/image\/\"}}]}<\/script>\n<!-- \/ Yoast SEO plugin. -->","yoast_head_json":{"title":"Ci trovi a - ElleVi Assicurazioni","robots":{"index":"index","follow":"follow","max-snippet":"max-snippet:-1","max-image-preview":"max-image-preview:large","max-video-preview":"max-video-preview:-1"},"canonical":"https:\/\/elleviassicurazioni.it\/index.php\/ci-trovi-a\/","og_locale":"it_IT","og_type":"article","og_title":"Ci trovi a - ElleVi Assicurazioni","og_description":"Trova la Sede vicino a te: Sede di Mondov\u00ec Scopri di pi\u00f9 Sede di Carr\u00f9 Scopri di pi\u00f9 Sede di Dogliani Scopri di pi\u00f9 Sede di Ceva Scopri di pi\u00f9 Sede di Garessio Scopri di pi\u00f9","og_url":"https:\/\/elleviassicurazioni.it\/index.php\/ci-trovi-a\/","og_site_name":"ElleVi Assicurazioni","article_modified_time":"2025-10-16T09:19:07+00:00","twitter_card":"summary_large_image","twitter_misc":{"Tempo di lettura stimato":"1 minuto"},"schema":{"@context":"https:\/\/schema.org","@graph":[{"@type":"WebPage","@id":"https:\/\/elleviassicurazioni.it\/index.php\/ci-trovi-a\/","url":"https:\/\/elleviassicurazioni.it\/index.php\/ci-trovi-a\/","name":"Ci trovi a - ElleVi Assicurazioni","isPartOf":{"@id":"https:\/\/elleviassicurazioni.it\/#website"},"datePublished":"2022-03-10T11:10:14+00:00","dateModified":"2025-10-16T09:19:07+00:00","breadcrumb":{"@id":"https:\/\/elleviassicurazioni.it\/index.php\/ci-trovi-a\/#breadcrumb"},"inLanguage":"it-IT","potentialAction":[{"@type":"ReadAction","target":["https:\/\/elleviassicurazioni.it\/index.php\/ci-trovi-a\/"]}]},{"@type":"BreadcrumbList","@id":"https:\/\/elleviassicurazioni.it\/index.php\/ci-trovi-a\/#breadcrumb","itemListElement":[{"@type":"ListItem","position":1,"name":"Home","item":"https:\/\/elleviassicurazioni.it\/"},{"@type":"ListItem","position":2,"name":"Ci trovi a"}]},{"@type":"WebSite","@id":"https:\/\/elleviassicurazioni.it\/#website","url":"https:\/\/elleviassicurazioni.it\/","name":"ElleVi Assicurazioni","description":"","publisher":{"@id":"https:\/\/elleviassicurazioni.it\/#organization"},"potentialAction":[{"@type":"SearchAction","target":{"@type":"EntryPoint","urlTemplate":"https:\/\/elleviassicurazioni.it\/?s={search_term_string}"},"query-input":"required name=search_term_string"}],"inLanguage":"it-IT"},{"@type":"Organization","@id":"https:\/\/elleviassicurazioni.it\/#organization","name":"ElleVi Assicurazioni","url":"https:\/\/elleviassicurazioni.it\/","logo":{"@type":"ImageObject","inLanguage":"it-IT","@id":"https:\/\/elleviassicurazioni.it\/#\/schema\/logo\/image\/","url":"https:\/\/elleviassicurazioni.it\/wp-content\/uploads\/2022\/03\/cropped-logo-1-e1760607594301.jpeg","contentUrl":"https:\/\/elleviassicurazioni.it\/wp-content\/uploads\/2022\/03\/cropped-logo-1-e1760607594301.jpeg","width":434,"height":301,"caption":"ElleVi Assicurazioni"},"image":{"@id":"https:\/\/elleviassicurazioni.it\/#\/schema\/logo\/image\/"}}]}},"_links":{"self":[{"href":"https:\/\/elleviassicurazioni.it\/index.php\/wp-json\/wp\/v2\/pages\/62"}],"collection":[{"href":"https:\/\/elleviassicurazioni.it\/index.php\/wp-json\/wp\/v2\/pages"}],"about":[{"href":"https:\/\/elleviassicurazioni.it\/index.php\/wp-json\/wp\/v2\/types\/page"}],"author":[{"embeddable":true,"href":"https:\/\/elleviassicurazioni.it\/index.php\/wp-json\/wp\/v2\/users\/1"}],"replies":[{"embeddable":true,"href":"https:\/\/elleviassicurazioni.it\/index.php\/wp-json\/wp\/v2\/comments?post=62"}],"version-history":[{"count":34,"href":"https:\/\/elleviassicurazioni.it\/index.php\/wp-json\/wp\/v2\/pages\/62\/revisions"}],"predecessor-version":[{"id":578,"href":"https:\/\/elleviassicurazioni.it\/index.php\/wp-json\/wp\/v2\/pages\/62\/revisions\/578"}],"wp:attachment":[{"href":"https:\/\/elleviassicurazioni.it\/index.php\/wp-json\/wp\/v2\/media?parent=62"}],"curies":[{"name":"wp","href":"https:\/\/api.w.org\/{rel}","templated":true}]}}